{"id":130,"date":"2025-06-04T10:57:19","date_gmt":"2025-06-04T10:57:19","guid":{"rendered":"https:\/\/www.celestinpepin.com\/accueil\/"},"modified":"2025-06-20T08:37:42","modified_gmt":"2025-06-20T08:37:42","slug":"accueil","status":"publish","type":"page","link":"https:\/\/www.celestinpepin.com\/fr\/","title":{"rendered":"Accueil"},"content":{"rendered":"<p>[et_pb_section fb_built=\u00a0\u00bb1&Prime; _builder_version=\u00a0\u00bb4.27.4&Prime; _module_preset=\u00a0\u00bbdefault\u00a0\u00bb background_color=\u00a0\u00bb#e2e2e2&Prime; custom_padding=\u00a0\u00bb100px||100px||true|false\u00a0\u00bb global_colors_info=\u00a0\u00bb{}\u00a0\u00bb][et_pb_row column_structure=\u00a0\u00bb2_3,1_3&Prime; _builder_version=\u00a0\u00bb4.21.0&Prime; _module_preset=\u00a0\u00bbdefault\u00a0\u00bb global_colors_info=\u00a0\u00bb{}\u00a0\u00bb][et_pb_column type=\u00a0\u00bb2_3&Prime; _builder_version=\u00a0\u00bb4.21.0&Prime; _module_preset=\u00a0\u00bbdefault\u00a0\u00bb global_colors_info=\u00a0\u00bb{}\u00a0\u00bb][et_pb_text _builder_version=\u00a0\u00bb4.27.0&Prime; _module_preset=\u00a0\u00bbdefault\u00a0\u00bb global_colors_info=\u00a0\u00bb{}\u00a0\u00bb]<\/p>\n<h1>Celestin Pepin &#8211; Associ\u00e9 d&rsquo;Invescap SA <\/h1>\n<p>[\/et_pb_text][et_pb_text _builder_version=\u00a0\u00bb4.21.0&Prime; _module_preset=\u00a0\u00bbdefault\u00a0\u00bb global_colors_info=\u00a0\u00bb{}\u00a0\u00bb]<\/p>\n<p>C\u00e9lestin P\u00e9pin est associ\u00e9 chez Invescap SA, en Suisse, depuis 2023. Parmi ses principales r\u00e9alisations au sein de cette soci\u00e9t\u00e9 de gestion d&rsquo;investissements sur les march\u00e9s priv\u00e9s, il a notamment dirig\u00e9 la conception et la mise en \u0153uvre d&rsquo;une solution d&rsquo;investissement en cr\u00e9dit priv\u00e9 et l&rsquo;\u00e9tablissement de soci\u00e9t\u00e9s aux \u00c9tats-Unis et au Luxembourg, en veillant \u00e0 l&rsquo;efficacit\u00e9 op\u00e9rationnelle et \u00e0 la conformit\u00e9 avec les r\u00e9glementations locales. Il a \u00e9galement con\u00e7u un m\u00e9canisme de tarification pour le financement des cr\u00e9ances sous-jacentes afin d&rsquo;optimiser les performances financi\u00e8res et a travaill\u00e9 \u00e0 la cr\u00e9ation d&rsquo;un fonds d&rsquo;investissement alternatif luxembourgeois.  <\/p>\n<p>Avant de devenir associ\u00e9 \u00e0 part enti\u00e8re chez Invescap, M. P\u00e9pin \u00e9tait associ\u00e9 junior. \u00c0 ce titre, il a cr\u00e9\u00e9 et mis en \u0153uvre des instruments de calcul de performance et d&rsquo;amortissement des fonds et a d\u00e9velopp\u00e9 une strat\u00e9gie de cr\u00e9dit priv\u00e9 institutionnel. <\/p>\n<p>[\/et_pb_text][et_pb_button button_url=\u00a0\u00bb#saf\u00a0\u00bb button_text=\u00a0\u00bbForces arm\u00e9es suisses\u00a0\u00bb _builder_version=\u00a0\u00bb4.27.4&Prime; _module_preset=\u00a0\u00bbdefault\u00a0\u00bb global_colors_info=\u00a0\u00bb{}\u00a0\u00bb][\/et_pb_button][\/et_pb_column][et_pb_column type=\u00a0\u00bb1_3&Prime; _builder_version=\u00a0\u00bb4.21.0&Prime; _module_preset=\u00a0\u00bbdefault\u00a0\u00bb global_colors_info=\u00a0\u00bb{}\u00a0\u00bb][et_pb_image src=\u00a0\u00bbhttps:\/\/www.celestinpepin.com\/wp-content\/uploads\/2025\/06\/Celesin-Pepin-Profile.jpg\u00a0\u00bb alt=\u00a0\u00bbC\u00e9lestin Pepin\u00a0\u00bb title_text=\u00a0\u00bbProfil de Celesin-Pepin\u00a0\u00bb align=\u00a0\u00bbcenter\u00a0\u00bb _builder_version=\u00a0\u00bb4.27.4&Prime; _module_preset=\u00a0\u00bbdefault\u00a0\u00bb width=\u00a0\u00bb80%\u00a0\u00bb hover_enabled=\u00a0\u00bb0&Prime; global_colors_info=\u00a0\u00bb{}\u00a0\u00bb sticky_enabled=\u00a0\u00bb0&Prime;][\/et_pb_image][et_pb_social_media_follow _builder_version=\u00a0\u00bb4.27.4&Prime; _module_preset=\u00a0\u00bbdefault\u00a0\u00bb text_orientation=\u00a0\u00bbcenter\u00a0\u00bb global_colors_info=\u00a0\u00bb{}\u00a0\u00bb][et_pb_social_media_follow_network social_network=\u00a0\u00bbfacebook\u00a0\u00bb url=\u00a0\u00bbhttps:\/\/www.facebook.com\/CelestinPepin.Invescap\/\u00a0\u00bb _builder_version=\u00a0\u00bb4.27.4&Prime; _module_preset=\u00a0\u00bbdefault\u00a0\u00bb background_color=\u00a0\u00bb#000000&Prime; background_enable_color=\u00a0\u00bbon\u00a0\u00bb custom_button=\u00a0\u00bbon\u00a0\u00bb button_text_color=\u00a0\u00bb#e2e2e2&Prime; global_colors_info=\u00a0\u00bb{}\u00a0\u00bb follow_button=\u00a0\u00bboff\u00a0\u00bb url_new_window=\u00a0\u00bbon\u00a0\u00bb]facebook[\/et_pb_social_media_follow_network][et_pb_social_media_follow_network social_network=\u00a0\u00bbtwitter\u00a0\u00bb url=\u00a0\u00bbhttps:\/\/x.com\/CelestinPepin_\u00a0\u00bb _builder_version=\u00a0\u00bb4.27.4&Prime; _module_preset=\u00a0\u00bbdefault\u00a0\u00bb background_color=\u00a0\u00bb#000000&Prime; custom_button=\u00a0\u00bbon\u00a0\u00bb button_text_color=\u00a0\u00bb#e2e2e2&Prime; global_colors_info=\u00a0\u00bb{}\u00a0\u00bb follow_button=\u00a0\u00bboff\u00a0\u00bb url_new_window=\u00a0\u00bbon\u00a0\u00bb]X[\/et_pb_social_media_follow_network][et_pb_social_media_follow_network social_network=\u00a0\u00bbinstagram\u00a0\u00bb url=\u00a0\u00bbhttps:\/\/www.instagram.com\/celestinpepin\/\u00a0\u00bb _builder_version=\u00a0\u00bb4.27.4&Prime; _module_preset=\u00a0\u00bbdefault\u00a0\u00bb background_color=\u00a0\u00bb#000000&Prime; background_enable_color=\u00a0\u00bbon\u00a0\u00bb custom_button=\u00a0\u00bbon\u00a0\u00bb button_text_color=\u00a0\u00bb#e2e2e2&Prime; global_colors_info=\u00a0\u00bb{}\u00a0\u00bb follow_button=\u00a0\u00bboff\u00a0\u00bb url_new_window=\u00a0\u00bbon\u00a0\u00bb]instagram[\/et_pb_social_media_follow_network][et_pb_social_media_follow_network social_network=\u00a0\u00bblinkedin\u00a0\u00bb url=\u00a0\u00bbhttps:\/\/www.linkedin.com\/in\/celestinpepin\/\u00a0\u00bb _builder_version=\u00a0\u00bb4.27.4&Prime; _module_preset=\u00a0\u00bbdefault\u00a0\u00bb background_color=\u00a0\u00bb#000000&Prime; background_enable_color=\u00a0\u00bbon\u00a0\u00bb global_colors_info=\u00a0\u00bb{}\u00a0\u00bb follow_button=\u00a0\u00bboff\u00a0\u00bb url_new_window=\u00a0\u00bbon\u00a0\u00bb]linkedin[\/et_pb_social_media_follow_network][\/et_pb_social_media_follow][\/et_pb_column][\/et_pb_row][\/et_pb_section][et_pb_section fb_built=\u00a0\u00bb1&Prime; _builder_version=\u00a0\u00bb4.24.3&Prime; _module_preset=\u00a0\u00bbdefault\u00a0\u00bb background_color=\u00a0\u00bb#000000&Prime; custom_padding=\u00a0\u00bb100px||100px||true|false\u00a0\u00bb global_colors_info=\u00a0\u00bb{}\u00a0\u00bb][et_pb_row column_structure=\u00a0\u00bb3_5,2_5&Prime; _builder_version=\u00a0\u00bb4.27.0&Prime; _module_preset=\u00a0\u00bbdefault\u00a0\u00bb global_colors_info=\u00a0\u00bb{}\u00a0\u00bb][et_pb_column type=\u00a0\u00bb3_5&Prime; _builder_version=\u00a0\u00bb4.21.0&Prime; _module_preset=\u00a0\u00bbdefault\u00a0\u00bb global_colors_info=\u00a0\u00bb{}\u00a0\u00bb][et_pb_text module_id=\u00a0\u00bbsaf\u00a0\u00bb _builder_version=\u00a0\u00bb4.27.4&Prime; _module_preset=\u00a0\u00bbdefault\u00a0\u00bb header_text_color=\u00a0\u00bb#e2e2e2&Prime; scroll_horizontal_motion=\u00a0\u00bb0|15|15|100|4|0|0&Prime; scroll_fade=\u00a0\u00bb0|30|30|100|0|100|100&Prime; global_colors_info=\u00a0\u00bb{}\u00a0\u00bb]<\/p>\n<h1>Forces arm\u00e9es suisses<\/h1>\n<p>[\/et_pb_text][et_pb_text _builder_version=\u00a0\u00bb4.24.3&Prime; _module_preset=\u00a0\u00bbdefault\u00a0\u00bb text_text_color=\u00a0\u00bb#e2e2e2&Prime; scroll_horizontal_motion=\u00a0\u00bb0|15|15|100|4|0|0&Prime; scroll_fade=\u00a0\u00bb0|30|30|100|0|100|100&Prime; global_colors_info=\u00a0\u00bb{}\u00a0\u00bb]<\/p>\n<p>Depuis 2017, M. P\u00e9pin sert dans l&rsquo;arm\u00e9e suisse et, apr\u00e8s avoir termin\u00e9 l&rsquo;\u00e9cole suisse d&rsquo;officiers avec mention, il est aujourd&rsquo;hui premier lieutenant. Dans le cadre de son service, M. P\u00e9pin a dirig\u00e9 une section de 30 soldats trilingues sp\u00e9cialis\u00e9s dans les transmissions et le renseignement pendant 18 semaines et a \u00e9t\u00e9 d\u00e9ploy\u00e9 en tant qu&rsquo;officier ex\u00e9cutif de compagnie responsable du poste de commandement de la premi\u00e8re compagnie dans le cadre des efforts de lutte contre les incendies de for\u00eat dans les Alpes suisses en 2019. Il a \u00e9galement \u00e9t\u00e9 d\u00e9ploy\u00e9 pendant la pand\u00e9mie COVID-19, avec la responsabilit\u00e9 de la planification organisationnelle et de la mise en place op\u00e9rationnelle d&rsquo;un h\u00f4pital militaire, et a pass\u00e9 quatre semaines en tant que chef de section trilingue de 56 soldats assistant une compagnie de sauvetage et de g\u00e9nie en 2018.  <\/p>\n<p>[\/et_pb_text][et_pb_button button_url=\u00a0\u00bb#education\u00a0\u00bb button_text=\u00a0\u00bbFormation et exp\u00e9rience\u00a0\u00bb _builder_version=\u00a0\u00bb4.27.4&Prime; _module_preset=\u00a0\u00bbdefault\u00a0\u00bb global_colors_info=\u00a0\u00bb{}\u00a0\u00bb][\/et_pb_button][\/et_pb_column][et_pb_column type=\u00a0\u00bb2_5&Prime; _builder_version=\u00a0\u00bb4.21.0&Prime; _module_preset=\u00a0\u00bbdefault\u00a0\u00bb global_colors_info=\u00a0\u00bb{}\u00a0\u00bb][et_pb_image src=\u00a0\u00bbhttps:\/\/www.celestinpepin.com\/wp-content\/uploads\/2025\/06\/Celesin-Pepin-Swiss-Army.jpg\u00a0\u00bb title_text=\u00a0\u00bbCelesin-Pepin-Arm\u00e9e suisse\u00a0\u00bb _builder_version=\u00a0\u00bb4.27.4&Prime; _module_preset=\u00a0\u00bbdefault\u00a0\u00bb global_colors_info=\u00a0\u00bb{}\u00a0\u00bb][\/et_pb_image][\/et_pb_column][\/et_pb_row][\/et_pb_section][et_pb_section fb_built=\u00a0\u00bb1&Prime; _builder_version=\u00a0\u00bb4.21.0&Prime; _module_preset=\u00a0\u00bbdefault\u00a0\u00bb background_color=\u00a0\u00bb#e2e2e2&Prime; custom_padding=\u00a0\u00bb100px||100px||true|false\u00a0\u00bb global_colors_info=\u00a0\u00bb{}\u00a0\u00bb][et_pb_row _builder_version=\u00a0\u00bb4.21.0&Prime; _module_preset=\u00a0\u00bbdefault\u00a0\u00bb global_colors_info=\u00a0\u00bb{}\u00a0\u00bb][et_pb_column type=\u00a0\u00bb4_4&Prime; _builder_version=\u00a0\u00bb4.21.0&Prime; _module_preset=\u00a0\u00bbdefault\u00a0\u00bb global_colors_info=\u00a0\u00bb{}\u00a0\u00bb][et_pb_text module_id=\u00a0\u00bbeducation\u00a0\u00bb _builder_version=\u00a0\u00bb4.27.4&Prime; _module_preset=\u00a0\u00bbdefault\u00a0\u00bb global_colors_info=\u00a0\u00bb{}\u00a0\u00bb]<\/p>\n<h1>Formation et exp\u00e9rience<\/h1>\n<p>[\/et_pb_text][et_pb_text _builder_version=\u00a0\u00bb4.21.0&Prime; _module_preset=\u00a0\u00bbdefault\u00a0\u00bb global_colors_info=\u00a0\u00bb{}\u00a0\u00bb]<\/p>\n<p>M. P\u00e9pin est titulaire d&rsquo;une licence en \u00e9conomie de l&rsquo;universit\u00e9 de Saint-Gall en Suisse. Sa th\u00e8se, intitul\u00e9e \u00ab <em>Effets du programme d&rsquo;assouplissement quantitatif sur le march\u00e9 boursier am\u00e9ricain pendant la crise du COVID-19 <\/em>\u00bb, a \u00e9t\u00e9 si bien accueillie qu&rsquo;elle a \u00e9t\u00e9 publi\u00e9e \u00e0 l&rsquo;universit\u00e9. M. P\u00e9pin a \u00e9galement particip\u00e9 au programme CFA au CFA Institute \u00e0 Gen\u00e8ve, terminant le niveau III en 2024. Il pr\u00e9voit d&rsquo;obtenir la charte apr\u00e8s avoir acquis l&rsquo;exp\u00e9rience professionnelle requise en juillet 2025. Il ma\u00eetrise Microsoft Office, Python et SQL.    <\/p>\n<p>[\/et_pb_text][et_pb_button button_url=\u00a0\u00bb#hobbies\u00a0\u00bb button_text=\u00a0\u00bbLoisirs et centres d&apos;int\u00e9r\u00eat\u00a0\u00bb _builder_version=\u00a0\u00bb4.27.4&Prime; _module_preset=\u00a0\u00bbdefault\u00a0\u00bb global_colors_info=\u00a0\u00bb{}\u00a0\u00bb][\/et_pb_button][\/et_pb_column][\/et_pb_row][\/et_pb_section][et_pb_section fb_built=\u00a0\u00bb1&Prime; _builder_version=\u00a0\u00bb4.24.3&Prime; _module_preset=\u00a0\u00bbdefault\u00a0\u00bb background_color=\u00a0\u00bb#000000&Prime; custom_padding=\u00a0\u00bb100px||100px||true|false\u00a0\u00bb global_colors_info=\u00a0\u00bb{}\u00a0\u00bb][et_pb_row _builder_version=\u00a0\u00bb4.21.0&Prime; _module_preset=\u00a0\u00bbdefault\u00a0\u00bb global_colors_info=\u00a0\u00bb{}\u00a0\u00bb][et_pb_column type=\u00a0\u00bb4_4&Prime; _builder_version=\u00a0\u00bb4.21.0&Prime; _module_preset=\u00a0\u00bbdefault\u00a0\u00bb global_colors_info=\u00a0\u00bb{}\u00a0\u00bb][et_pb_text module_id=\u00a0\u00bbhobbies\u00a0\u00bb _builder_version=\u00a0\u00bb4.27.4&Prime; _module_preset=\u00a0\u00bbdefault\u00a0\u00bb header_text_color=\u00a0\u00bb#e2e2e2&Prime; global_colors_info=\u00a0\u00bb{}\u00a0\u00bb]<\/p>\n<h1>Loisirs et centres d&rsquo;int\u00e9r\u00eat<\/h1>\n<p>[\/et_pb_text][et_pb_text _builder_version=\u00a0\u00bb4.24.3&Prime; _module_preset=\u00a0\u00bbdefault\u00a0\u00bb text_text_color=\u00a0\u00bb#e2e2e2&Prime; global_colors_info=\u00a0\u00bb{}\u00a0\u00bb]<\/p>\n<p>Citoyen suisse et canadien, M. P\u00e9pin a des loisirs et des centres d&rsquo;int\u00e9r\u00eat vari\u00e9s, notamment l&rsquo;histoire \u00e9conomique et les voyages &#8211; il a visit\u00e9 plus de 100 pays \u00e0 ce jour. Il aime \u00e9galement cuisiner, faire de la voile, courir, faire du sport en salle et lire, citant parmi ses livres pr\u00e9f\u00e9r\u00e9s <em>Le Ch\u00e2teau<\/em> de Franz Kafka, <em>Les deux vitesses de la pens\u00e9e<\/em> de Daniel Kahneman et <em>Catch-22 <\/em>de Joseph Heller. Il est membre du HSGAlumniAnciens de son ancienne universit\u00e9 et du club des officiers Offiziersverein HSG Alumni.  <\/p>\n<p>Il a r\u00e9cemment commenc\u00e9 \u00e0 faire du b\u00e9n\u00e9volat aupr\u00e8s de la Croix-Rouge suisse, en aidant les enfants fuyants la guerre qui ont obtenu l&rsquo;asile en Suisse \u00e0 apprendre le fran\u00e7ais, \u00e0 s&rsquo;adapter au syst\u00e8me scolaire et \u00e0 faire leurs devoirs.<\/p>\n<p>[\/et_pb_text][\/et_pb_column][\/et_pb_row][et_pb_row column_structure=\u00a0\u00bb1_3,1_3,1_3&Prime; _builder_version=\u00a0\u00bb4.24.3&Prime; _module_preset=\u00a0\u00bbdefault\u00a0\u00bb global_colors_info=\u00a0\u00bb{}\u00a0\u00bb][et_pb_column type=\u00a0\u00bb1_3&Prime; _builder_version=\u00a0\u00bb4.24.3&Prime; _module_preset=\u00a0\u00bbdefault\u00a0\u00bb global_colors_info=\u00a0\u00bb{}\u00a0\u00bb][et_pb_image src=\u00a0\u00bbhttps:\/\/www.celestinpepin.com\/wp-content\/uploads\/2025\/06\/Celesin-Pepin-Travel.jpg\u00a0\u00bb title_text=\u00a0\u00bbCelesin-Pepin-Travel\u00a0\u00bb _builder_version=\u00a0\u00bb4.27.4&Prime; _module_preset=\u00a0\u00bbdefault\u00a0\u00bb hover_enabled=\u00a0\u00bb0&Prime; global_colors_info=\u00a0\u00bb{}\u00a0\u00bb sticky_enabled=\u00a0\u00bb0&Prime;][\/et_pb_image][\/et_pb_column][et_pb_column type=\u00a0\u00bb1_3&Prime; _builder_version=\u00a0\u00bb4.24.3&Prime; _module_preset=\u00a0\u00bbdefault\u00a0\u00bb global_colors_info=\u00a0\u00bb{}\u00a0\u00bb][et_pb_image src=\u00a0\u00bbhttps:\/\/www.celestinpepin.com\/wp-content\/uploads\/2025\/06\/Celesin-Pepin-Sailing.jpg\u00a0\u00bb title_text=\u00a0\u00bbCelesin-Pepin-Voile\u00a0\u00bb _builder_version=\u00a0\u00bb4.27.4&Prime; _module_preset=\u00a0\u00bbdefault\u00a0\u00bb hover_enabled=\u00a0\u00bb0&Prime; global_colors_info=\u00a0\u00bb{}\u00a0\u00bb sticky_enabled=\u00a0\u00bb0&Prime;][\/et_pb_image][\/et_pb_column][et_pb_column type=\u00a0\u00bb1_3&Prime; _builder_version=\u00a0\u00bb4.24.3&Prime; _module_preset=\u00a0\u00bbdefault\u00a0\u00bb global_colors_info=\u00a0\u00bb{}\u00a0\u00bb][et_pb_image src=\u00a0\u00bbhttps:\/\/www.celestinpepin.com\/wp-content\/uploads\/2025\/06\/Celesin-Pepin-Reading.jpg\u00a0\u00bb title_text=\u00a0\u00bbCelesin-Pepin-Lecture\u00a0\u00bb _builder_version=\u00a0\u00bb4.27.4&Prime; _module_preset=\u00a0\u00bbdefault\u00a0\u00bb hover_enabled=\u00a0\u00bb0&Prime; global_colors_info=\u00a0\u00bb{}\u00a0\u00bb sticky_enabled=\u00a0\u00bb0&Prime;][\/et_pb_image][\/et_pb_column][\/et_pb_row][\/et_pb_section]<\/p>\n","protected":false},"excerpt":{"rendered":"<p>Celestin Pepin &#8211; Associ\u00e9 d&rsquo;Invescap SA C\u00e9lestin P\u00e9pin est associ\u00e9 chez Invescap SA, en Suisse, depuis 2023. Parmi ses principales r\u00e9alisations au sein de cette soci\u00e9t\u00e9 de gestion d&rsquo;investissements sur les march\u00e9s priv\u00e9s, il a notamment dirig\u00e9 la conception et la mise en \u0153uvre d&rsquo;une solution d&rsquo;investissement en cr\u00e9dit priv\u00e9 et l&rsquo;\u00e9tablissement de soci\u00e9t\u00e9s aux [&hellip;]<\/p>\n","protected":false},"author":1,"featured_media":0,"parent":0,"menu_order":0,"comment_status":"closed","ping_status":"closed","template":"","meta":{"_et_pb_use_builder":"on","_et_pb_old_content":"","_et_gb_content_width":"","footnotes":""},"class_list":["post-130","page","type-page","status-publish","hentry"],"yoast_head":"<!-- This site is optimized with the Yoast SEO plugin v27.4 - https:\/\/yoast.com\/product\/yoast-seo-wordpress\/ -->\n<title>Accueil - Celestin Pepin<\/title>\n<meta name=\"robots\" content=\"index, follow, max-snippet:-1, max-image-preview:large, max-video-preview:-1\" \/>\n<link rel=\"canonical\" href=\"https:\/\/www.celestinpepin.com\/fr\/\" \/>\n<meta property=\"og:locale\" content=\"fr_FR\" \/>\n<meta property=\"og:type\" content=\"article\" \/>\n<meta property=\"og:title\" content=\"Accueil - Celestin Pepin\" \/>\n<meta property=\"og:description\" content=\"Celestin Pepin - Associ\u00e9 d&#039;Invescap SA C\u00e9lestin P\u00e9pin est associ\u00e9 chez Invescap SA, en Suisse, depuis 2023. Parmi ses principales r\u00e9alisations au sein de cette soci\u00e9t\u00e9 de gestion d&#039;investissements sur les march\u00e9s priv\u00e9s, il a notamment dirig\u00e9 la conception et la mise en \u0153uvre d&#039;une solution d&#039;investissement en cr\u00e9dit priv\u00e9 et l&#039;\u00e9tablissement de soci\u00e9t\u00e9s aux [&hellip;]\" \/>\n<meta property=\"og:url\" content=\"https:\/\/www.celestinpepin.com\/fr\/\" \/>\n<meta property=\"og:site_name\" content=\"Celestin Pepin\" \/>\n<meta property=\"article:modified_time\" content=\"2025-06-20T08:37:42+00:00\" \/>\n<meta name=\"twitter:card\" content=\"summary_large_image\" \/>\n<meta name=\"twitter:label1\" content=\"Dur\u00e9e de lecture estim\u00e9e\" \/>\n\t<meta name=\"twitter:data1\" content=\"7 minutes\" \/>\n<script type=\"application\/ld+json\" class=\"yoast-schema-graph\">{\"@context\":\"https:\\\/\\\/schema.org\",\"@graph\":[{\"@type\":\"WebPage\",\"@id\":\"https:\\\/\\\/www.celestinpepin.com\\\/fr\\\/\",\"url\":\"https:\\\/\\\/www.celestinpepin.com\\\/fr\\\/\",\"name\":\"Accueil - Celestin Pepin\",\"isPartOf\":{\"@id\":\"https:\\\/\\\/www.celestinpepin.com\\\/fr\\\/#website\"},\"datePublished\":\"2025-06-04T10:57:19+00:00\",\"dateModified\":\"2025-06-20T08:37:42+00:00\",\"breadcrumb\":{\"@id\":\"https:\\\/\\\/www.celestinpepin.com\\\/fr\\\/#breadcrumb\"},\"inLanguage\":\"fr-FR\",\"potentialAction\":[{\"@type\":\"ReadAction\",\"target\":[\"https:\\\/\\\/www.celestinpepin.com\\\/fr\\\/\"]}]},{\"@type\":\"BreadcrumbList\",\"@id\":\"https:\\\/\\\/www.celestinpepin.com\\\/fr\\\/#breadcrumb\",\"itemListElement\":[{\"@type\":\"ListItem\",\"position\":1,\"name\":\"Home\",\"item\":\"https:\\\/\\\/www.celestinpepin.com\\\/fr\\\/accueil\\\/\"},{\"@type\":\"ListItem\",\"position\":2,\"name\":\"Accueil\"}]},{\"@type\":\"WebSite\",\"@id\":\"https:\\\/\\\/www.celestinpepin.com\\\/fr\\\/#website\",\"url\":\"https:\\\/\\\/www.celestinpepin.com\\\/fr\\\/\",\"name\":\"Celestin Pepin\",\"description\":\"This is the blog of Celestin Pepin\",\"potentialAction\":[{\"@type\":\"SearchAction\",\"target\":{\"@type\":\"EntryPoint\",\"urlTemplate\":\"https:\\\/\\\/www.celestinpepin.com\\\/fr\\\/?s={search_term_string}\"},\"query-input\":{\"@type\":\"PropertyValueSpecification\",\"valueRequired\":true,\"valueName\":\"search_term_string\"}}],\"inLanguage\":\"fr-FR\"}]}<\/script>\n<!-- \/ Yoast SEO plugin. -->","yoast_head_json":{"title":"Accueil - Celestin Pepin","robots":{"index":"index","follow":"follow","max-snippet":"max-snippet:-1","max-image-preview":"max-image-preview:large","max-video-preview":"max-video-preview:-1"},"canonical":"https:\/\/www.celestinpepin.com\/fr\/","og_locale":"fr_FR","og_type":"article","og_title":"Accueil - Celestin Pepin","og_description":"Celestin Pepin - Associ\u00e9 d'Invescap SA C\u00e9lestin P\u00e9pin est associ\u00e9 chez Invescap SA, en Suisse, depuis 2023. Parmi ses principales r\u00e9alisations au sein de cette soci\u00e9t\u00e9 de gestion d'investissements sur les march\u00e9s priv\u00e9s, il a notamment dirig\u00e9 la conception et la mise en \u0153uvre d'une solution d'investissement en cr\u00e9dit priv\u00e9 et l'\u00e9tablissement de soci\u00e9t\u00e9s aux [&hellip;]","og_url":"https:\/\/www.celestinpepin.com\/fr\/","og_site_name":"Celestin Pepin","article_modified_time":"2025-06-20T08:37:42+00:00","twitter_card":"summary_large_image","twitter_misc":{"Dur\u00e9e de lecture estim\u00e9e":"7 minutes"},"schema":{"@context":"https:\/\/schema.org","@graph":[{"@type":"WebPage","@id":"https:\/\/www.celestinpepin.com\/fr\/","url":"https:\/\/www.celestinpepin.com\/fr\/","name":"Accueil - Celestin Pepin","isPartOf":{"@id":"https:\/\/www.celestinpepin.com\/fr\/#website"},"datePublished":"2025-06-04T10:57:19+00:00","dateModified":"2025-06-20T08:37:42+00:00","breadcrumb":{"@id":"https:\/\/www.celestinpepin.com\/fr\/#breadcrumb"},"inLanguage":"fr-FR","potentialAction":[{"@type":"ReadAction","target":["https:\/\/www.celestinpepin.com\/fr\/"]}]},{"@type":"BreadcrumbList","@id":"https:\/\/www.celestinpepin.com\/fr\/#breadcrumb","itemListElement":[{"@type":"ListItem","position":1,"name":"Home","item":"https:\/\/www.celestinpepin.com\/fr\/accueil\/"},{"@type":"ListItem","position":2,"name":"Accueil"}]},{"@type":"WebSite","@id":"https:\/\/www.celestinpepin.com\/fr\/#website","url":"https:\/\/www.celestinpepin.com\/fr\/","name":"Celestin Pepin","description":"This is the blog of Celestin Pepin","potentialAction":[{"@type":"SearchAction","target":{"@type":"EntryPoint","urlTemplate":"https:\/\/www.celestinpepin.com\/fr\/?s={search_term_string}"},"query-input":{"@type":"PropertyValueSpecification","valueRequired":true,"valueName":"search_term_string"}}],"inLanguage":"fr-FR"}]}},"_links":{"self":[{"href":"https:\/\/www.celestinpepin.com\/fr\/wp-json\/wp\/v2\/pages\/130","targetHints":{"allow":["GET"]}}],"collection":[{"href":"https:\/\/www.celestinpepin.com\/fr\/wp-json\/wp\/v2\/pages"}],"about":[{"href":"https:\/\/www.celestinpepin.com\/fr\/wp-json\/wp\/v2\/types\/page"}],"author":[{"embeddable":true,"href":"https:\/\/www.celestinpepin.com\/fr\/wp-json\/wp\/v2\/users\/1"}],"replies":[{"embeddable":true,"href":"https:\/\/www.celestinpepin.com\/fr\/wp-json\/wp\/v2\/comments?post=130"}],"version-history":[{"count":8,"href":"https:\/\/www.celestinpepin.com\/fr\/wp-json\/wp\/v2\/pages\/130\/revisions"}],"predecessor-version":[{"id":140,"href":"https:\/\/www.celestinpepin.com\/fr\/wp-json\/wp\/v2\/pages\/130\/revisions\/140"}],"wp:attachment":[{"href":"https:\/\/www.celestinpepin.com\/fr\/wp-json\/wp\/v2\/media?parent=130"}],"curies":[{"name":"wp","href":"https:\/\/api.w.org\/{rel}","templated":true}]}}