{"id":141,"date":"2025-06-04T10:57:19","date_gmt":"2025-06-04T10:57:19","guid":{"rendered":"https:\/\/www.celestinpepin.com\/home\/"},"modified":"2025-06-20T10:08:52","modified_gmt":"2025-06-20T10:08:52","slug":"home","status":"publish","type":"page","link":"https:\/\/www.celestinpepin.com\/de\/","title":{"rendered":"Home"},"content":{"rendered":"<p>[et_pb_section fb_built=&#8220;1&#8243; _builder_version=&#8220;4.27.4&#8243; _module_preset=&#8220;default&#8220; background_color=&#8220;#e2e2e2&#8243; custom_padding=&#8220;100px||100px||true|false&#8220; global_colors_info=&#8220;{}&#8220;][et_pb_row column_structure=&#8220;2_3,1_3&#8243; _builder_version=&#8220;4.21.0&#8243; _module_preset=&#8220;default&#8220; global_colors_info=&#8220;{}&#8220;][et_pb_column type=&#8220;2_3&#8243; _builder_version=&#8220;4.21.0&#8243; _module_preset=&#8220;default&#8220; global_colors_info=&#8220;{}&#8220;][et_pb_text _builder_version=&#8220;4.27.0&#8243; _module_preset=&#8220;default&#8220; global_colors_info=&#8220;{}&#8220;]<\/p>\n<h1>Celestin Pepin &#8211; Mitarbeiter von Invescap SA <\/h1>\n<p>[\/et_pb_text][et_pb_text _builder_version=&#8220;4.21.0&#8243; _module_preset=&#8220;default&#8220; global_colors_info=&#8220;{}&#8220;]<\/p>\n<p>Celestin Pepin ist seit 2023 Associate bei Invescap SA, Schweiz. Zu den wichtigsten Errungenschaften w\u00e4hrend seiner Zeit bei dieser Verm\u00f6gensverwaltungsgesellschaft f\u00fcr den Privatmarkt geh\u00f6ren die Leitung der Konzeption und Umsetzung einer privaten Kreditanlagel\u00f6sung und die Gr\u00fcndung von Gesellschaften in den USA und Luxemburg, wobei er die operative Effizienz und die Einhaltung der lokalen Vorschriften sicherstellte. Des Weiteren entwickelte er einen Preisfindungsmechanismus f\u00fcr die zugrunde liegende Forderungsfinanzierung, um die finanzielle Leistung zu optimieren, und arbeitete an der Gr\u00fcndung eines luxemburgischen alternativen Investmentfonds.  <\/p>\n<p>Bevor er bei Invescap Associate wurde, war Herr Pepin Junior Associate. In dieser Funktion schuf und implementierte er Instrumente zur Performanceberechnung und Fondsamortisation und entwickelte eine institutionelle Privatkreditstrategie. <\/p>\n<p>[\/et_pb_text][et_pb_button button_url=&#8220;#saf&#8220; button_text=&#8220;Schweizer Streitkr\u00e4fte&#8220; _builder_version=&#8220;4.27.4&#8243; _module_preset=&#8220;default&#8220; global_colors_info=&#8220;{}&#8220;][\/et_pb_button][\/et_pb_column][et_pb_column type=&#8220;1_3&#8243; _builder_version=&#8220;4.21.0&#8243; _module_preset=&#8220;default&#8220; global_colors_info=&#8220;{}&#8220;][et_pb_image src=&#8220;https:\/\/www.celestinpepin.com\/wp-content\/uploads\/2025\/06\/Celesin-Pepin-Profile.jpg&#8220; alt=&#8220;Celestin Pepin&#8220; title_text=&#8220;Celesin-Pepin-Profile&#8220; align=&#8220;center&#8220; _builder_version=&#8220;4.27.4&#8243; _module_preset=&#8220;default&#8220; width=&#8220;80%&#8220; hover_enabled=&#8220;0&#8243; global_colors_info=&#8220;{}&#8220; sticky_enabled=&#8220;0&#8243;][\/et_pb_image][et_pb_social_media_follow _builder_version=&#8220;4.27.4&#8243; _module_preset=&#8220;default&#8220; text_orientation=&#8220;center&#8220; global_colors_info=&#8220;{}&#8220;][et_pb_social_media_follow_network social_network=&#8220;facebook&#8220; url=&#8220;https:\/\/www.facebook.com\/CelestinPepin.Invescap\/&#8220; _builder_version=&#8220;4.27.4&#8243; _module_preset=&#8220;default&#8220; background_color=&#8220;#000000&#8243; background_enable_color=&#8220;on&#8220; custom_button=&#8220;on&#8220; button_text_color=&#8220;#e2e2e2&#8243; global_colors_info=&#8220;{}&#8220; follow_button=&#8220;off&#8220; url_new_window=&#8220;on&#8220;]facebook[\/et_pb_social_media_follow_network][et_pb_social_media_follow_network social_network=&#8220;twitter&#8220; url=&#8220;https:\/\/x.com\/CelestinPepin_&#8220; _builder_version=&#8220;4.27.4&#8243; _module_preset=&#8220;default&#8220; background_color=&#8220;#000000&#8243; custom_button=&#8220;on&#8220; button_text_color=&#8220;#e2e2e2&#8243; global_colors_info=&#8220;{}&#8220; follow_button=&#8220;off&#8220; url_new_window=&#8220;on&#8220;]X[\/et_pb_social_media_follow_network][et_pb_social_media_follow_network social_network=&#8220;instagram&#8220; url=&#8220;https:\/\/www.instagram.com\/celestinpepin\/&#8220; _builder_version=&#8220;4.27.4&#8243; _module_preset=&#8220;default&#8220; background_color=&#8220;#000000&#8243; background_enable_color=&#8220;on&#8220; custom_button=&#8220;on&#8220; button_text_color=&#8220;#e2e2e2&#8243; global_colors_info=&#8220;{}&#8220; follow_button=&#8220;off&#8220; url_new_window=&#8220;on&#8220;]instagram[\/et_pb_social_media_follow_network][et_pb_social_media_follow_network social_network=&#8220;linkedin&#8220; url=&#8220;https:\/\/www.linkedin.com\/in\/celestinpepin\/&#8220; _builder_version=&#8220;4.27.4&#8243; _module_preset=&#8220;default&#8220; background_color=&#8220;#000000&#8243; background_enable_color=&#8220;on&#8220; global_colors_info=&#8220;{}&#8220; follow_button=&#8220;off&#8220; url_new_window=&#8220;on&#8220;]linkedin[\/et_pb_social_media_follow_network][\/et_pb_social_media_follow][\/et_pb_column][\/et_pb_row][\/et_pb_section][et_pb_section fb_built=&#8220;1&#8243; _builder_version=&#8220;4.24.3&#8243; _module_preset=&#8220;default&#8220; background_color=&#8220;#000000&#8243; custom_padding=&#8220;100px||100px||true|false&#8220; global_colors_info=&#8220;{}&#8220;][et_pb_row column_structure=&#8220;3_5,2_5&#8243; _builder_version=&#8220;4.27.0&#8243; _module_preset=&#8220;default&#8220; global_colors_info=&#8220;{}&#8220;][et_pb_column type=&#8220;3_5&#8243; _builder_version=&#8220;4.21.0&#8243; _module_preset=&#8220;default&#8220; global_colors_info=&#8220;{}&#8220;][et_pb_text module_id=&#8220;saf&#8220; _builder_version=&#8220;4.27.4&#8243; _module_preset=&#8220;default&#8220; header_text_color=&#8220;#e2e2e2&#8243; scroll_horizontal_motion=&#8220;0|15|15|100|4|0|0&#8243; scroll_fade=&#8220;0|30|30|100|0|100|100&#8243; global_colors_info=&#8220;{}&#8220;]<\/p>\n<h1>Schweizer Streitkr\u00e4fte<\/h1>\n<p>[\/et_pb_text][et_pb_text _builder_version=&#8220;4.24.3&#8243; _module_preset=&#8220;default&#8220; text_text_color=&#8220;#e2e2e2&#8243; scroll_horizontal_motion=&#8220;0|15|15|100|4|0|0&#8243; scroll_fade=&#8220;0|30|30|100|0|100|100&#8243; global_colors_info=&#8220;{}&#8220;]<\/p>\n<p>Seit 2017 dient Herr Pepin in der Schweizer Armee und ist, nachdem er die Schweizer Offiziersschule mit Auszeichnung abgeschlossen hat, heute Oberleutnant. Im Rahmen seines Dienstes f\u00fchrte Herr Pepin 18 Wochen lang einen Zug von 30 dreisprachigen \u00dcbermittlungs- und Nachrichtensoldaten und wurde 2019 als Stellvertreter des Kompaniekommandantenim Rahmen der Waldbrandbek\u00e4mpfung in den Schweizer Alpen eingesetzt. Dar\u00fcber hinaus war er w\u00e4hrend der COVID-19-Pandemie f\u00fcr die organisatorische Planung und den Aufbau eines Milit\u00e4rkrankenhauses zust\u00e4ndig und war 2018 vier Wochen lang als dreisprachiger Zugf\u00fchrer von 56 Soldaten zur Unterst\u00fctzung einer Rettungskompanie im Einsatz.  <\/p>\n<p>[\/et_pb_text][et_pb_button button_url=&#8220;#education&#8220; button_text=&#8220;Ausbildung &amp; Erfahrung&#8220; _builder_version=&#8220;4.27.4&#8243; _module_preset=&#8220;default&#8220; global_colors_info=&#8220;{}&#8220;][\/et_pb_button][\/et_pb_column][et_pb_column type=&#8220;2_5&#8243; _builder_version=&#8220;4.21.0&#8243; _module_preset=&#8220;default&#8220; global_colors_info=&#8220;{}&#8220;][et_pb_image src=&#8220;https:\/\/www.celestinpepin.com\/wp-content\/uploads\/2025\/06\/Celesin-Pepin-Swiss-Army.jpg&#8220; title_text=&#8220;Celesin-Pepin-Swiss-Army&#8220; _builder_version=&#8220;4.27.4&#8243; _module_preset=&#8220;default&#8220; global_colors_info=&#8220;{}&#8220;][\/et_pb_image][\/et_pb_column][\/et_pb_row][\/et_pb_section][et_pb_section fb_built=&#8220;1&#8243; _builder_version=&#8220;4.21.0&#8243; _module_preset=&#8220;default&#8220; background_color=&#8220;#e2e2e2&#8243; custom_padding=&#8220;100px||100px||true|false&#8220; global_colors_info=&#8220;{}&#8220;][et_pb_row _builder_version=&#8220;4.21.0&#8243; _module_preset=&#8220;default&#8220; global_colors_info=&#8220;{}&#8220;][et_pb_column type=&#8220;4_4&#8243; _builder_version=&#8220;4.21.0&#8243; _module_preset=&#8220;default&#8220; global_colors_info=&#8220;{}&#8220;][et_pb_text module_id=&#8220;education&#8220; _builder_version=&#8220;4.27.4&#8243; _module_preset=&#8220;default&#8220; global_colors_info=&#8220;{}&#8220;]<\/p>\n<h1>Ausbildung &amp; Erfahrung<\/h1>\n<p>[\/et_pb_text][et_pb_text _builder_version=&#8220;4.21.0&#8243; _module_preset=&#8220;default&#8220; global_colors_info=&#8220;{}&#8220;]<\/p>\n<p>Herr Pepin hat einen BA-Abschluss in Wirtschaftswissenschaften von der Universit\u00e4t St. Gallen in der Schweiz. Seine <em>Dissertation Auswirkungen des Quantitative Easing Program auf den US-Aktienmarkt w\u00e4hrend der COVID-19-Krise<\/em> wurde so gut bewertet, dass sie an der Universit\u00e4t ver\u00f6ffentlicht wurde. Herr Pepin hat ferner am CFA-Programm des CFA-Instituts in Genf teilgenommen und 2024 die Stufe III abgeschlossen. Die Charter wird ihm voraussichtlich nach Abschluss der erforderlichen Berufserfahrung im Juli 2025 verliehen. Er hat fundierte Kenntnisse in der Anwendung von Microsoft Office, Python und SQL.    <\/p>\n<p>[\/et_pb_text][et_pb_button button_url=&#8220;#hobbies&#8220; button_text=&#8220;Hobbys &amp; Interessen&#8220; _builder_version=&#8220;4.27.4&#8243; _module_preset=&#8220;default&#8220; global_colors_info=&#8220;{}&#8220;][\/et_pb_button][\/et_pb_column][\/et_pb_row][\/et_pb_section][et_pb_section fb_built=&#8220;1&#8243; _builder_version=&#8220;4.24.3&#8243; _module_preset=&#8220;default&#8220; background_color=&#8220;#000000&#8243; custom_padding=&#8220;100px||100px||true|false&#8220; global_colors_info=&#8220;{}&#8220;][et_pb_row _builder_version=&#8220;4.21.0&#8243; _module_preset=&#8220;default&#8220; global_colors_info=&#8220;{}&#8220;][et_pb_column type=&#8220;4_4&#8243; _builder_version=&#8220;4.21.0&#8243; _module_preset=&#8220;default&#8220; global_colors_info=&#8220;{}&#8220;][et_pb_text module_id=&#8220;hobbies&#8220; _builder_version=&#8220;4.27.4&#8243; _module_preset=&#8220;default&#8220; header_text_color=&#8220;#e2e2e2&#8243; global_colors_info=&#8220;{}&#8220;]<\/p>\n<h1>Hobbys &amp; Interessen<\/h1>\n<p>[\/et_pb_text][et_pb_text _builder_version=&#8220;4.24.3&#8243; _module_preset=&#8220;default&#8220; text_text_color=&#8220;#e2e2e2&#8243; global_colors_info=&#8220;{}&#8220;]<\/p>\n<p>Herr Pepin, der sowohl die schweizerische als auch die kanadische Staatsb\u00fcrgerschaft besitzt, pflegt ein breites Spektrum an Hobbys und Interessen, darunter Wirtschaftsgeschichte und Reisen \u2013 er hat bisher \u00fcber 100 L\u00e4nder besucht. Au\u00dferdem kocht er sehr gerne, segelt, l\u00e4uft, geht ins Fitnessstudio und liest viel. Zu seinen Lieblingsb\u00fcchern geh\u00f6ren <em>Das Schloss <\/em>von Franz Kafka, <em>Schnelles Denken, langsames Denken<\/em> von Daniel Kahneman und Joseph Hellers <em>Catch-22<\/em>. Er geh\u00f6rt dem Alumni-Club seiner ehemaligen Universit\u00e4t und dem Offiziersverein HSG Alumni an.  <\/p>\n<p>Seit kurzem arbeitet er ehrenamtlich f\u00fcr das Schweizerische Rote Kreuz und hilft Kindern aus Kriegsl\u00e4ndern, die in der Schweiz Asyl erhalten haben, Franz\u00f6sisch zu lernen, sich an das Schulsystem anzupassen und ihre Hausaufgaben zu erledigen.<\/p>\n<p>[\/et_pb_text][\/et_pb_column][\/et_pb_row][et_pb_row column_structure=&#8220;1_3,1_3,1_3&#8243; _builder_version=&#8220;4.24.3&#8243; _module_preset=&#8220;default&#8220; global_colors_info=&#8220;{}&#8220;][et_pb_column type=&#8220;1_3&#8243; _builder_version=&#8220;4.24.3&#8243; _module_preset=&#8220;default&#8220; global_colors_info=&#8220;{}&#8220;][et_pb_image src=&#8220;https:\/\/www.celestinpepin.com\/wp-content\/uploads\/2025\/06\/Celesin-Pepin-Travel.jpg&#8220; title_text=&#8220;Celesin-Pepin-Travel&#8220; _builder_version=&#8220;4.27.4&#8243; _module_preset=&#8220;default&#8220; hover_enabled=&#8220;0&#8243; global_colors_info=&#8220;{}&#8220; sticky_enabled=&#8220;0&#8243;][\/et_pb_image][\/et_pb_column][et_pb_column type=&#8220;1_3&#8243; _builder_version=&#8220;4.24.3&#8243; _module_preset=&#8220;default&#8220; global_colors_info=&#8220;{}&#8220;][et_pb_image src=&#8220;https:\/\/www.celestinpepin.com\/wp-content\/uploads\/2025\/06\/Celesin-Pepin-Sailing.jpg&#8220; title_text=&#8220;Celesin-Pepin-Sailing&#8220; _builder_version=&#8220;4.27.4&#8243; _module_preset=&#8220;default&#8220; hover_enabled=&#8220;0&#8243; global_colors_info=&#8220;{}&#8220; sticky_enabled=&#8220;0&#8243;][\/et_pb_image][\/et_pb_column][et_pb_column type=&#8220;1_3&#8243; _builder_version=&#8220;4.24.3&#8243; _module_preset=&#8220;default&#8220; global_colors_info=&#8220;{}&#8220;][et_pb_image src=&#8220;https:\/\/www.celestinpepin.com\/wp-content\/uploads\/2025\/06\/Celesin-Pepin-Reading.jpg&#8220; title_text=&#8220;Celesin-Pepin-Reading&#8220; _builder_version=&#8220;4.27.4&#8243; _module_preset=&#8220;default&#8220; hover_enabled=&#8220;0&#8243; global_colors_info=&#8220;{}&#8220; sticky_enabled=&#8220;0&#8243;][\/et_pb_image][\/et_pb_column][\/et_pb_row][\/et_pb_section]<\/p>\n","protected":false},"excerpt":{"rendered":"<p>Celestin Pepin &#8211; Mitarbeiter von Invescap SA Celestin Pepin ist seit 2023 Associate bei Invescap SA, Schweiz. Zu den wichtigsten Errungenschaften w\u00e4hrend seiner Zeit bei dieser Verm\u00f6gensverwaltungsgesellschaft f\u00fcr den Privatmarkt geh\u00f6ren die Leitung der Konzeption und Umsetzung einer privaten Kreditanlagel\u00f6sung und die Gr\u00fcndung von Gesellschaften in den USA und Luxemburg, wobei er die operative Effizienz [&hellip;]<\/p>\n","protected":false},"author":1,"featured_media":0,"parent":0,"menu_order":0,"comment_status":"closed","ping_status":"closed","template":"","meta":{"_et_pb_use_builder":"on","_et_pb_old_content":"","_et_gb_content_width":"","footnotes":""},"class_list":["post-141","page","type-page","status-publish","hentry"],"yoast_head":"<!-- This site is optimized with the Yoast SEO plugin v27.4 - https:\/\/yoast.com\/product\/yoast-seo-wordpress\/ -->\n<title>Home - Celestin Pepin<\/title>\n<meta name=\"robots\" content=\"index, follow, max-snippet:-1, max-image-preview:large, max-video-preview:-1\" \/>\n<link rel=\"canonical\" href=\"https:\/\/www.celestinpepin.com\/de\/\" \/>\n<meta property=\"og:locale\" content=\"de_DE\" \/>\n<meta property=\"og:type\" content=\"article\" \/>\n<meta property=\"og:title\" content=\"Home - Celestin Pepin\" \/>\n<meta property=\"og:description\" content=\"Celestin Pepin - Mitarbeiter von Invescap SA Celestin Pepin ist seit 2023 Associate bei Invescap SA, Schweiz. Zu den wichtigsten Errungenschaften w\u00e4hrend seiner Zeit bei dieser Verm\u00f6gensverwaltungsgesellschaft f\u00fcr den Privatmarkt geh\u00f6ren die Leitung der Konzeption und Umsetzung einer privaten Kreditanlagel\u00f6sung und die Gr\u00fcndung von Gesellschaften in den USA und Luxemburg, wobei er die operative Effizienz [&hellip;]\" \/>\n<meta property=\"og:url\" content=\"https:\/\/www.celestinpepin.com\/de\/\" \/>\n<meta property=\"og:site_name\" content=\"Celestin Pepin\" \/>\n<meta property=\"article:modified_time\" content=\"2025-06-20T10:08:52+00:00\" \/>\n<meta name=\"twitter:card\" content=\"summary_large_image\" \/>\n<meta name=\"twitter:label1\" content=\"Gesch\u00e4tzte Lesezeit\" \/>\n\t<meta name=\"twitter:data1\" content=\"7\u00a0Minuten\" \/>\n<script type=\"application\/ld+json\" class=\"yoast-schema-graph\">{\"@context\":\"https:\\\/\\\/schema.org\",\"@graph\":[{\"@type\":\"WebPage\",\"@id\":\"https:\\\/\\\/www.celestinpepin.com\\\/de\\\/\",\"url\":\"https:\\\/\\\/www.celestinpepin.com\\\/de\\\/\",\"name\":\"Home - Celestin Pepin\",\"isPartOf\":{\"@id\":\"https:\\\/\\\/www.celestinpepin.com\\\/de\\\/#website\"},\"datePublished\":\"2025-06-04T10:57:19+00:00\",\"dateModified\":\"2025-06-20T10:08:52+00:00\",\"breadcrumb\":{\"@id\":\"https:\\\/\\\/www.celestinpepin.com\\\/de\\\/#breadcrumb\"},\"inLanguage\":\"de\",\"potentialAction\":[{\"@type\":\"ReadAction\",\"target\":[\"https:\\\/\\\/www.celestinpepin.com\\\/de\\\/\"]}]},{\"@type\":\"BreadcrumbList\",\"@id\":\"https:\\\/\\\/www.celestinpepin.com\\\/de\\\/#breadcrumb\",\"itemListElement\":[{\"@type\":\"ListItem\",\"position\":1,\"name\":\"Home\",\"item\":\"https:\\\/\\\/www.celestinpepin.com\\\/de\\\/home\\\/\"},{\"@type\":\"ListItem\",\"position\":2,\"name\":\"Home\"}]},{\"@type\":\"WebSite\",\"@id\":\"https:\\\/\\\/www.celestinpepin.com\\\/de\\\/#website\",\"url\":\"https:\\\/\\\/www.celestinpepin.com\\\/de\\\/\",\"name\":\"Celestin Pepin\",\"description\":\"This is the blog of Celestin Pepin\",\"potentialAction\":[{\"@type\":\"SearchAction\",\"target\":{\"@type\":\"EntryPoint\",\"urlTemplate\":\"https:\\\/\\\/www.celestinpepin.com\\\/de\\\/?s={search_term_string}\"},\"query-input\":{\"@type\":\"PropertyValueSpecification\",\"valueRequired\":true,\"valueName\":\"search_term_string\"}}],\"inLanguage\":\"de\"}]}<\/script>\n<!-- \/ Yoast SEO plugin. -->","yoast_head_json":{"title":"Home - Celestin Pepin","robots":{"index":"index","follow":"follow","max-snippet":"max-snippet:-1","max-image-preview":"max-image-preview:large","max-video-preview":"max-video-preview:-1"},"canonical":"https:\/\/www.celestinpepin.com\/de\/","og_locale":"de_DE","og_type":"article","og_title":"Home - Celestin Pepin","og_description":"Celestin Pepin - Mitarbeiter von Invescap SA Celestin Pepin ist seit 2023 Associate bei Invescap SA, Schweiz. Zu den wichtigsten Errungenschaften w\u00e4hrend seiner Zeit bei dieser Verm\u00f6gensverwaltungsgesellschaft f\u00fcr den Privatmarkt geh\u00f6ren die Leitung der Konzeption und Umsetzung einer privaten Kreditanlagel\u00f6sung und die Gr\u00fcndung von Gesellschaften in den USA und Luxemburg, wobei er die operative Effizienz [&hellip;]","og_url":"https:\/\/www.celestinpepin.com\/de\/","og_site_name":"Celestin Pepin","article_modified_time":"2025-06-20T10:08:52+00:00","twitter_card":"summary_large_image","twitter_misc":{"Gesch\u00e4tzte Lesezeit":"7\u00a0Minuten"},"schema":{"@context":"https:\/\/schema.org","@graph":[{"@type":"WebPage","@id":"https:\/\/www.celestinpepin.com\/de\/","url":"https:\/\/www.celestinpepin.com\/de\/","name":"Home - Celestin Pepin","isPartOf":{"@id":"https:\/\/www.celestinpepin.com\/de\/#website"},"datePublished":"2025-06-04T10:57:19+00:00","dateModified":"2025-06-20T10:08:52+00:00","breadcrumb":{"@id":"https:\/\/www.celestinpepin.com\/de\/#breadcrumb"},"inLanguage":"de","potentialAction":[{"@type":"ReadAction","target":["https:\/\/www.celestinpepin.com\/de\/"]}]},{"@type":"BreadcrumbList","@id":"https:\/\/www.celestinpepin.com\/de\/#breadcrumb","itemListElement":[{"@type":"ListItem","position":1,"name":"Home","item":"https:\/\/www.celestinpepin.com\/de\/home\/"},{"@type":"ListItem","position":2,"name":"Home"}]},{"@type":"WebSite","@id":"https:\/\/www.celestinpepin.com\/de\/#website","url":"https:\/\/www.celestinpepin.com\/de\/","name":"Celestin Pepin","description":"This is the blog of Celestin Pepin","potentialAction":[{"@type":"SearchAction","target":{"@type":"EntryPoint","urlTemplate":"https:\/\/www.celestinpepin.com\/de\/?s={search_term_string}"},"query-input":{"@type":"PropertyValueSpecification","valueRequired":true,"valueName":"search_term_string"}}],"inLanguage":"de"}]}},"_links":{"self":[{"href":"https:\/\/www.celestinpepin.com\/de\/wp-json\/wp\/v2\/pages\/141","targetHints":{"allow":["GET"]}}],"collection":[{"href":"https:\/\/www.celestinpepin.com\/de\/wp-json\/wp\/v2\/pages"}],"about":[{"href":"https:\/\/www.celestinpepin.com\/de\/wp-json\/wp\/v2\/types\/page"}],"author":[{"embeddable":true,"href":"https:\/\/www.celestinpepin.com\/de\/wp-json\/wp\/v2\/users\/1"}],"replies":[{"embeddable":true,"href":"https:\/\/www.celestinpepin.com\/de\/wp-json\/wp\/v2\/comments?post=141"}],"version-history":[{"count":2,"href":"https:\/\/www.celestinpepin.com\/de\/wp-json\/wp\/v2\/pages\/141\/revisions"}],"predecessor-version":[{"id":143,"href":"https:\/\/www.celestinpepin.com\/de\/wp-json\/wp\/v2\/pages\/141\/revisions\/143"}],"wp:attachment":[{"href":"https:\/\/www.celestinpepin.com\/de\/wp-json\/wp\/v2\/media?parent=141"}],"curies":[{"name":"wp","href":"https:\/\/api.w.org\/{rel}","templated":true}]}}